{"id":1606,"date":"2023-02-04T20:13:08","date_gmt":"2023-02-05T01:13:08","guid":{"rendered":"https:\/\/chenail.ca\/nouvelles\/"},"modified":"2025-03-11T10:38:46","modified_gmt":"2025-03-11T14:38:46","slug":"noticias","status":"publish","type":"page","link":"https:\/\/chenail.ca\/es\/noticias\/","title":{"rendered":"Noticias"},"content":{"rendered":"","protected":false},"excerpt":{"rendered":"","protected":false},"author":1,"featured_media":0,"parent":0,"menu_order":25,"comment_status":"closed","ping_status":"closed","template":"page-templates\/template-news.php","meta":{"_acf_changed":false,"footnotes":""},"class_list":["post-1606","page","type-page","status-publish","hentry"],"acf":[],"yoast_head":"<!-- This site is optimized with the Yoast SEO plugin v27.3 - https:\/\/yoast.com\/product\/yoast-seo-wordpress\/ -->\n<title>Noticias de Chenail \u2013 \u00daltimas noticias y actualizaciones<\/title>\n<meta name=\"description\" content=\"Mant\u00e9ngase al d\u00eda de las \u00faltimas noticias, anuncios y eventos de Chenail para no perderse ninguno de nuestros avances y \u00e9xitos.\" \/>\n<meta name=\"robots\" content=\"index, follow, max-snippet:-1, max-image-preview:large, max-video-preview:-1\" \/>\n<link rel=\"canonical\" href=\"https:\/\/chenail.ca\/es\/noticias\/\" \/>\n<meta property=\"og:locale\" content=\"es_ES\" \/>\n<meta property=\"og:type\" content=\"article\" \/>\n<meta property=\"og:title\" content=\"Noticias de Chenail \u2013 \u00daltimas noticias y actualizaciones\" \/>\n<meta property=\"og:description\" content=\"Mant\u00e9ngase al d\u00eda de las \u00faltimas noticias, anuncios y eventos de Chenail para no perderse ninguno de nuestros avances y \u00e9xitos.\" \/>\n<meta property=\"og:url\" content=\"https:\/\/chenail.ca\/es\/noticias\/\" \/>\n<meta property=\"og:site_name\" content=\"Chenail\" \/>\n<meta property=\"article:modified_time\" content=\"2025-03-11T14:38:46+00:00\" \/>\n<meta property=\"og:image\" content=\"https:\/\/chenail.ca\/wp-content\/uploads\/2025\/01\/og-image.jpg\" \/>\n\t<meta property=\"og:image:width\" content=\"1200\" \/>\n\t<meta property=\"og:image:height\" content=\"675\" \/>\n\t<meta property=\"og:image:type\" content=\"image\/jpeg\" \/>\n<meta name=\"twitter:card\" content=\"summary_large_image\" \/>\n<script type=\"application\/ld+json\" class=\"yoast-schema-graph\">{\"@context\":\"https:\\\/\\\/schema.org\",\"@graph\":[{\"@type\":\"WebPage\",\"@id\":\"https:\\\/\\\/chenail.ca\\\/es\\\/noticias\\\/\",\"url\":\"https:\\\/\\\/chenail.ca\\\/es\\\/noticias\\\/\",\"name\":\"Noticias de Chenail \u2013 \u00daltimas noticias y actualizaciones\",\"isPartOf\":{\"@id\":\"https:\\\/\\\/chenail.ca\\\/es\\\/#website\"},\"datePublished\":\"2023-02-05T01:13:08+00:00\",\"dateModified\":\"2025-03-11T14:38:46+00:00\",\"description\":\"Mant\u00e9ngase al d\u00eda de las \u00faltimas noticias, anuncios y eventos de Chenail para no perderse ninguno de nuestros avances y \u00e9xitos.\",\"breadcrumb\":{\"@id\":\"https:\\\/\\\/chenail.ca\\\/es\\\/noticias\\\/#breadcrumb\"},\"inLanguage\":\"es\",\"potentialAction\":[{\"@type\":\"ReadAction\",\"target\":[\"https:\\\/\\\/chenail.ca\\\/es\\\/noticias\\\/\"]}]},{\"@type\":\"BreadcrumbList\",\"@id\":\"https:\\\/\\\/chenail.ca\\\/es\\\/noticias\\\/#breadcrumb\",\"itemListElement\":[{\"@type\":\"ListItem\",\"position\":1,\"name\":\"Accueil\",\"item\":\"https:\\\/\\\/chenail.ca\\\/es\\\/\"},{\"@type\":\"ListItem\",\"position\":2,\"name\":\"Noticias\"}]},{\"@type\":\"WebSite\",\"@id\":\"https:\\\/\\\/chenail.ca\\\/es\\\/#website\",\"url\":\"https:\\\/\\\/chenail.ca\\\/es\\\/\",\"name\":\"Chenail\",\"description\":\"\",\"potentialAction\":[{\"@type\":\"SearchAction\",\"target\":{\"@type\":\"EntryPoint\",\"urlTemplate\":\"https:\\\/\\\/chenail.ca\\\/es\\\/?s={search_term_string}\"},\"query-input\":{\"@type\":\"PropertyValueSpecification\",\"valueRequired\":true,\"valueName\":\"search_term_string\"}}],\"inLanguage\":\"es\"}]}<\/script>\n<!-- \/ Yoast SEO plugin. -->","yoast_head_json":{"title":"Noticias de Chenail \u2013 \u00daltimas noticias y actualizaciones","description":"Mant\u00e9ngase al d\u00eda de las \u00faltimas noticias, anuncios y eventos de Chenail para no perderse ninguno de nuestros avances y \u00e9xitos.","robots":{"index":"index","follow":"follow","max-snippet":"max-snippet:-1","max-image-preview":"max-image-preview:large","max-video-preview":"max-video-preview:-1"},"canonical":"https:\/\/chenail.ca\/es\/noticias\/","og_locale":"es_ES","og_type":"article","og_title":"Noticias de Chenail \u2013 \u00daltimas noticias y actualizaciones","og_description":"Mant\u00e9ngase al d\u00eda de las \u00faltimas noticias, anuncios y eventos de Chenail para no perderse ninguno de nuestros avances y \u00e9xitos.","og_url":"https:\/\/chenail.ca\/es\/noticias\/","og_site_name":"Chenail","article_modified_time":"2025-03-11T14:38:46+00:00","og_image":[{"width":1200,"height":675,"url":"https:\/\/chenail.ca\/wp-content\/uploads\/2025\/01\/og-image.jpg","type":"image\/jpeg"}],"twitter_card":"summary_large_image","schema":{"@context":"https:\/\/schema.org","@graph":[{"@type":"WebPage","@id":"https:\/\/chenail.ca\/es\/noticias\/","url":"https:\/\/chenail.ca\/es\/noticias\/","name":"Noticias de Chenail \u2013 \u00daltimas noticias y actualizaciones","isPartOf":{"@id":"https:\/\/chenail.ca\/es\/#website"},"datePublished":"2023-02-05T01:13:08+00:00","dateModified":"2025-03-11T14:38:46+00:00","description":"Mant\u00e9ngase al d\u00eda de las \u00faltimas noticias, anuncios y eventos de Chenail para no perderse ninguno de nuestros avances y \u00e9xitos.","breadcrumb":{"@id":"https:\/\/chenail.ca\/es\/noticias\/#breadcrumb"},"inLanguage":"es","potentialAction":[{"@type":"ReadAction","target":["https:\/\/chenail.ca\/es\/noticias\/"]}]},{"@type":"BreadcrumbList","@id":"https:\/\/chenail.ca\/es\/noticias\/#breadcrumb","itemListElement":[{"@type":"ListItem","position":1,"name":"Accueil","item":"https:\/\/chenail.ca\/es\/"},{"@type":"ListItem","position":2,"name":"Noticias"}]},{"@type":"WebSite","@id":"https:\/\/chenail.ca\/es\/#website","url":"https:\/\/chenail.ca\/es\/","name":"Chenail","description":"","potentialAction":[{"@type":"SearchAction","target":{"@type":"EntryPoint","urlTemplate":"https:\/\/chenail.ca\/es\/?s={search_term_string}"},"query-input":{"@type":"PropertyValueSpecification","valueRequired":true,"valueName":"search_term_string"}}],"inLanguage":"es"}]}},"_links":{"self":[{"href":"https:\/\/chenail.ca\/es\/wp-json\/wp\/v2\/pages\/1606","targetHints":{"allow":["GET"]}}],"collection":[{"href":"https:\/\/chenail.ca\/es\/wp-json\/wp\/v2\/pages"}],"about":[{"href":"https:\/\/chenail.ca\/es\/wp-json\/wp\/v2\/types\/page"}],"author":[{"embeddable":true,"href":"https:\/\/chenail.ca\/es\/wp-json\/wp\/v2\/users\/1"}],"replies":[{"embeddable":true,"href":"https:\/\/chenail.ca\/es\/wp-json\/wp\/v2\/comments?post=1606"}],"version-history":[{"count":3,"href":"https:\/\/chenail.ca\/es\/wp-json\/wp\/v2\/pages\/1606\/revisions"}],"predecessor-version":[{"id":1866,"href":"https:\/\/chenail.ca\/es\/wp-json\/wp\/v2\/pages\/1606\/revisions\/1866"}],"wp:attachment":[{"href":"https:\/\/chenail.ca\/es\/wp-json\/wp\/v2\/media?parent=1606"}],"curies":[{"name":"wp","href":"https:\/\/api.w.org\/{rel}","templated":true}]}}